{"id":14447,"date":"2020-04-07T14:11:38","date_gmt":"2020-04-07T14:11:38","guid":{"rendered":"https:\/\/www.hachebeauty.com.ar\/?page_id=14447"},"modified":"2021-05-31T14:56:00","modified_gmt":"2021-05-31T14:56:00","slug":"about-me","status":"publish","type":"page","link":"https:\/\/www.hachebeauty.com.ar\/?page_id=14447","title":{"rendered":"About Me"},"content":{"rendered":"\n<figure class=\"wp-block-image size-large\"><img loading=\"lazy\" decoding=\"async\" width=\"720\" height=\"1024\" src=\"https:\/\/www.hachebeauty.com.ar\/wp-content\/uploads\/2021\/05\/about-me-2021.png\" alt=\"\" class=\"wp-image-15603\" srcset=\"https:\/\/www.hachebeauty.com.ar\/wp-content\/uploads\/2021\/05\/about-me-2021.png 720w, https:\/\/www.hachebeauty.com.ar\/wp-content\/uploads\/2021\/05\/about-me-2021-211x300.png 211w\" sizes=\"auto, (max-width: 720px) 100vw, 720px\" \/><\/figure>\n\n\n\n<p><strong>Hola! Soy Hache<\/strong> (tambi\u00e9n conocida como Lau o Lauri)<br>Soy Lic. en Comunicaci\u00f3n Social pero, al margen de mis estudios, mi pasi\u00f3n por el maquillaje y la moda pudo m\u00e1s a la hora de comenzar el blog. Gracias a Hache Beauty, durante el 2012 tuve la posibilidad de estudiar maquillaje, peinado y asesor\u00eda de imagen. Los dos primeros fueron en MKS y el \u00faltimo en Grupo Imagen. El blog fue una de las razones que me animaron a hacer el esfuerzo y eso me permiti\u00f3 crecer.<\/p>\n\n\n\n<p>En Hache Beauty &nbsp;mi objetivo es ofrecer informaci\u00f3n confiable y basada en conocimientos adquiridos a trav\u00e9s de los estudios, la lectura y el contacto con profesionales. Mi experiencia y la de mis amigas o personas conocidas tambi\u00e9n es una fuente de informaci\u00f3n que utilizar\u00e9 para escribir los posts. La opini\u00f3n y comentarios de los lectores son piezas fundamentales, que tambi\u00e9n estar\u00e9 encantada en incorporar.<br>Mis opiniones ser\u00e1n sinceras y no tendr\u00e1n la intenci\u00f3n de ofender o herir los sentimientos de nadie. Espero que les guste mi propuesta y que encuentren buenas ideas, ayuda o lo que necesiten.<\/p>\n","protected":false},"excerpt":{"rendered":"<p>Hola! Soy Hache (tambi\u00e9n conocida como Lau o Lauri)Soy Lic. en Comunicaci\u00f3n Social pero, al margen de mis estudios, mi pasi\u00f3n por el maquillaje y la moda pudo m\u00e1s a la hora de comenzar el blog. Gracias a Hache Beauty, durante el 2012 tuve la posibilidad de estudiar maquillaje, peinado y asesor\u00eda de imagen. Los [&hellip;]<\/p>\n","protected":false},"author":2,"featured_media":0,"parent":0,"menu_order":0,"comment_status":"closed","ping_status":"closed","template":"","meta":{"footnotes":""},"class_list":["post-14447","page","type-page","status-publish","hentry"],"amp_enabled":true,"_links":{"self":[{"href":"https:\/\/www.hachebeauty.com.ar\/index.php?rest_route=\/wp\/v2\/pages\/14447","targetHints":{"allow":["GET"]}}],"collection":[{"href":"https:\/\/www.hachebeauty.com.ar\/index.php?rest_route=\/wp\/v2\/pages"}],"about":[{"href":"https:\/\/www.hachebeauty.com.ar\/index.php?rest_route=\/wp\/v2\/types\/page"}],"author":[{"embeddable":true,"href":"https:\/\/www.hachebeauty.com.ar\/index.php?rest_route=\/wp\/v2\/users\/2"}],"replies":[{"embeddable":true,"href":"https:\/\/www.hachebeauty.com.ar\/index.php?rest_route=%2Fwp%2Fv2%2Fcomments&post=14447"}],"version-history":[{"count":2,"href":"https:\/\/www.hachebeauty.com.ar\/index.php?rest_route=\/wp\/v2\/pages\/14447\/revisions"}],"predecessor-version":[{"id":15605,"href":"https:\/\/www.hachebeauty.com.ar\/index.php?rest_route=\/wp\/v2\/pages\/14447\/revisions\/15605"}],"wp:attachment":[{"href":"https:\/\/www.hachebeauty.com.ar\/index.php?rest_route=%2Fwp%2Fv2%2Fmedia&parent=14447"}],"curies":[{"name":"wp","href":"https:\/\/api.w.org\/{rel}","templated":true}]}}